{"id":820,"date":"2023-10-29T03:03:55","date_gmt":"2023-10-29T03:03:55","guid":{"rendered":"https:\/\/mcmadeiras.pt\/?post_type=product&#038;p=820"},"modified":"2024-12-20T01:09:59","modified_gmt":"2024-12-20T01:09:59","slug":"madeira-de-kambala-amarela","status":"publish","type":"product","link":"https:\/\/mcmadeiras.pt\/en\/product\/madeira-de-kambala-amarela\/","title":{"rendered":"Madeira de Kambala Amarela"},"content":{"rendered":"<p><strong>Kambala Amarela<\/strong><\/p>\n<p>A Kambala Amarela, origin\u00e1ria da \u00c1frica, \u00e9 uma madeira tropical de tonalidade amarela dourada, que apresenta uma textura fina e uniforme. A sua grande resist\u00eancia e durabilidade fazem desta madeira uma op\u00e7\u00e3o ideal para aplica\u00e7\u00f5es exigentes.<\/p>\n<p>\u00c9 amplamente utilizada em m\u00f3veis de exterior, pavimentos, decks e carpintaria de exteriores, gra\u00e7as \u00e0 sua resist\u00eancia natural \u00e0s intemp\u00e9ries e ao desgaste, al\u00e9m da facilidade de manuten\u00e7\u00e3o.<\/p>\n<p>Na MC Madeiras, oferecemos madeira de Kambala Amarela em pranchas e r\u00e9guas, mediante consulta.<\/p>\n<p><strong>Origem<\/strong>: \u00c1frica<\/p>","protected":false},"excerpt":{"rendered":"<p>Na MC Madeiras, oferecemos madeira de Kambala Amarela em pranchas e r\u00e9guas, mediante consulta..<\/p>","protected":false},"featured_media":796,"comment_status":"open","ping_status":"closed","template":"","meta":{"_et_pb_use_builder":"","_et_pb_old_content":"","_et_gb_content_width":""},"product_brand":[],"product_cat":[24,93],"product_tag":[],"class_list":{"0":"post-820","1":"product","2":"type-product","3":"status-publish","4":"has-post-thumbnail","6":"product_cat-madeira","7":"product_cat-madeiras-continente-africano","9":"first","10":"instock","11":"shipping-taxable","12":"product-type-simple"},"jetpack_sharing_enabled":true,"_links":{"self":[{"href":"https:\/\/mcmadeiras.pt\/en\/wp-json\/wp\/v2\/product\/820","targetHints":{"allow":["GET"]}}],"collection":[{"href":"https:\/\/mcmadeiras.pt\/en\/wp-json\/wp\/v2\/product"}],"about":[{"href":"https:\/\/mcmadeiras.pt\/en\/wp-json\/wp\/v2\/types\/product"}],"replies":[{"embeddable":true,"href":"https:\/\/mcmadeiras.pt\/en\/wp-json\/wp\/v2\/comments?post=820"}],"wp:featuredmedia":[{"embeddable":true,"href":"https:\/\/mcmadeiras.pt\/en\/wp-json\/wp\/v2\/media\/796"}],"wp:attachment":[{"href":"https:\/\/mcmadeiras.pt\/en\/wp-json\/wp\/v2\/media?parent=820"}],"wp:term":[{"taxonomy":"product_brand","embeddable":true,"href":"https:\/\/mcmadeiras.pt\/en\/wp-json\/wp\/v2\/product_brand?post=820"},{"taxonomy":"product_cat","embeddable":true,"href":"https:\/\/mcmadeiras.pt\/en\/wp-json\/wp\/v2\/product_cat?post=820"},{"taxonomy":"product_tag","embeddable":true,"href":"https:\/\/mcmadeiras.pt\/en\/wp-json\/wp\/v2\/product_tag?post=820"}],"curies":[{"name":"wp","href":"https:\/\/api.w.org\/{rel}","templated":true}]}}