{"id":813,"date":"2023-10-29T02:43:55","date_gmt":"2023-10-29T02:43:55","guid":{"rendered":"https:\/\/mcmadeiras.pt\/?post_type=product&#038;p=813"},"modified":"2024-12-20T11:15:47","modified_gmt":"2024-12-20T11:15:47","slug":"afizelia","status":"publish","type":"product","link":"https:\/\/mcmadeiras.pt\/en\/product\/afizelia\/","title":{"rendered":"Madeira de Afiz\u00e9lia Pachylova"},"content":{"rendered":"<p><strong>Afiz\u00e9lia Pachylova<\/strong><\/p>\n<p>A Afiz\u00e9lia Pachylova, tamb\u00e9m conhecida por sua cor avermelhada distinta, \u00e9 uma madeira tropical de origem africana, caracterizada pela sua elevada resist\u00eancia e durabilidade. Com uma textura uniforme e um gr\u00e3o reto ou ligeiramente ondulado, esta madeira \u00e9 uma escolha excelente para diversas aplica\u00e7\u00f5es.<\/p>\n<p>\u00c9 frequentemente utilizada em carpintaria interior e exterior, pavimentos, m\u00f3veis de luxo, portas e escadas, gra\u00e7as \u00e0 sua estabilidade e robustez.<\/p>\n<p>Na MC Madeiras, oferecemos madeira de Afiz\u00e9lia Pachylova em pranchas e r\u00e9guas, mediante consulta.<\/p>\n<p><strong>Origem<\/strong>: \u00c1frica<\/p>","protected":false},"excerpt":{"rendered":"<p>Na MC Madeiras, oferecemos madeira de Afiz\u00e9lia Pachylova em pranchas e r\u00e9guas, mediante consulta.<\/p>\n<div id=\"gtx-trans\">\n<div class=\"gtx-trans-icon\"><\/div>\n<\/div>","protected":false},"featured_media":1378,"comment_status":"open","ping_status":"closed","template":"","meta":{"_et_pb_use_builder":"","_et_pb_old_content":"","_et_gb_content_width":""},"product_brand":[],"product_cat":[24,93],"product_tag":[],"class_list":{"0":"post-813","1":"product","2":"type-product","3":"status-publish","4":"has-post-thumbnail","6":"product_cat-madeira","7":"product_cat-madeiras-continente-africano","9":"first","10":"instock","11":"shipping-taxable","12":"product-type-simple"},"jetpack_sharing_enabled":true,"_links":{"self":[{"href":"https:\/\/mcmadeiras.pt\/en\/wp-json\/wp\/v2\/product\/813","targetHints":{"allow":["GET"]}}],"collection":[{"href":"https:\/\/mcmadeiras.pt\/en\/wp-json\/wp\/v2\/product"}],"about":[{"href":"https:\/\/mcmadeiras.pt\/en\/wp-json\/wp\/v2\/types\/product"}],"replies":[{"embeddable":true,"href":"https:\/\/mcmadeiras.pt\/en\/wp-json\/wp\/v2\/comments?post=813"}],"wp:featuredmedia":[{"embeddable":true,"href":"https:\/\/mcmadeiras.pt\/en\/wp-json\/wp\/v2\/media\/1378"}],"wp:attachment":[{"href":"https:\/\/mcmadeiras.pt\/en\/wp-json\/wp\/v2\/media?parent=813"}],"wp:term":[{"taxonomy":"product_brand","embeddable":true,"href":"https:\/\/mcmadeiras.pt\/en\/wp-json\/wp\/v2\/product_brand?post=813"},{"taxonomy":"product_cat","embeddable":true,"href":"https:\/\/mcmadeiras.pt\/en\/wp-json\/wp\/v2\/product_cat?post=813"},{"taxonomy":"product_tag","embeddable":true,"href":"https:\/\/mcmadeiras.pt\/en\/wp-json\/wp\/v2\/product_tag?post=813"}],"curies":[{"name":"wp","href":"https:\/\/api.w.org\/{rel}","templated":true}]}}