{"id":622,"date":"2023-10-20T10:33:56","date_gmt":"2023-10-20T10:33:56","guid":{"rendered":"https:\/\/mcmadeiras.pt\/?post_type=product&#038;p=622"},"modified":"2024-12-20T16:06:40","modified_gmt":"2024-12-20T16:06:40","slug":"portas-de-tola","status":"publish","type":"product","link":"https:\/\/mcmadeiras.pt\/en\/product\/portas-de-tola\/","title":{"rendered":"Portas de Tola"},"content":{"rendered":"<div class=\"flex-shrink-0 flex flex-col relative items-end\">\n<div class=\"pt-0\">\n<div class=\"gizmo-bot-avatar flex h-8 w-8 items-center justify-center overflow-hidden rounded-full\">\n<div class=\"relative p-1 rounded-sm flex items-center justify-center bg-token-main-surface-primary text-token-text-primary h-8 w-8\">\n<p><strong>Portas de Tola<\/strong><\/p>\n<p>As Portas de Tola da MC Madeiras oferecem uma combina\u00e7\u00e3o de leveza, durabilidade e est\u00e9tica natural. Com estrutura recoberta em ambas as faces com MDF, s\u00e3o revestidas com uma folha de madeira de tola na sua cor natural, sem verniz. A tonalidade clara e os veios suaves conferem uma apar\u00eancia elegante, tornando-as ideais para ambientes internos.<\/p>\n<p>Resistente e f\u00e1cil de trabalhar, a Tola \u00e9 perfeita para projetos que exigem simplicidade e funcionalidade, sem perder a beleza natural.<\/p>\n<p>Na MC Madeiras, oferecemos Portas de Tola de alta qualidade, adaptadas \u00e0s exig\u00eancias de cada projeto.<\/p>\n<\/div>\n<\/div>\n<\/div>\n<\/div>\n<p>Medidas:<br \/>\n2000x600x35<br \/>\n2000x650x35<br \/>\n2000x700x35<br \/>\n2000x750x35<br \/>\n2000x800x35<br \/>\n2000x850x35<br \/>\n2000x900x35<br \/>\n2000x1000x35<br \/>\n2000x1150x35<br \/>\n2000x1200x35<br \/>\n2000x1250x35<\/p>\n<p>Medidas n\u00e3o standard por encomenda.<\/p>","protected":false},"excerpt":{"rendered":"<p>Na MC Madeiras, oferecemos Portas de Tola de alta qualidade, adaptadas \u00e0s exig\u00eancias de cada projeto.<\/p>\n<p>&nbsp;<\/p>","protected":false},"featured_media":1418,"comment_status":"open","ping_status":"closed","template":"","meta":{"_et_pb_use_builder":"","_et_pb_old_content":"","_et_gb_content_width":""},"product_brand":[],"product_cat":[28],"product_tag":[],"class_list":{"0":"post-622","1":"product","2":"type-product","3":"status-publish","4":"has-post-thumbnail","6":"product_cat-portas","8":"first","9":"instock","10":"shipping-taxable","11":"product-type-simple"},"jetpack_sharing_enabled":true,"_links":{"self":[{"href":"https:\/\/mcmadeiras.pt\/en\/wp-json\/wp\/v2\/product\/622","targetHints":{"allow":["GET"]}}],"collection":[{"href":"https:\/\/mcmadeiras.pt\/en\/wp-json\/wp\/v2\/product"}],"about":[{"href":"https:\/\/mcmadeiras.pt\/en\/wp-json\/wp\/v2\/types\/product"}],"replies":[{"embeddable":true,"href":"https:\/\/mcmadeiras.pt\/en\/wp-json\/wp\/v2\/comments?post=622"}],"wp:featuredmedia":[{"embeddable":true,"href":"https:\/\/mcmadeiras.pt\/en\/wp-json\/wp\/v2\/media\/1418"}],"wp:attachment":[{"href":"https:\/\/mcmadeiras.pt\/en\/wp-json\/wp\/v2\/media?parent=622"}],"wp:term":[{"taxonomy":"product_brand","embeddable":true,"href":"https:\/\/mcmadeiras.pt\/en\/wp-json\/wp\/v2\/product_brand?post=622"},{"taxonomy":"product_cat","embeddable":true,"href":"https:\/\/mcmadeiras.pt\/en\/wp-json\/wp\/v2\/product_cat?post=622"},{"taxonomy":"product_tag","embeddable":true,"href":"https:\/\/mcmadeiras.pt\/en\/wp-json\/wp\/v2\/product_tag?post=622"}],"curies":[{"name":"wp","href":"https:\/\/api.w.org\/{rel}","templated":true}]}}