{"id":317,"date":"2021-02-09T18:04:05","date_gmt":"2021-02-09T18:04:05","guid":{"rendered":"https:\/\/mcmadeiras.pt\/?post_type=product&#038;p=317"},"modified":"2024-12-20T16:03:46","modified_gmt":"2024-12-20T16:03:46","slug":"portas-interiores","status":"publish","type":"product","link":"https:\/\/mcmadeiras.pt\/en\/product\/portas-interiores\/","title":{"rendered":"Portas de Faia Branca"},"content":{"rendered":"<p><strong>Portas de Faia Branca<\/strong><\/p>\n<p>As Portas de Faia Branca da MC Madeiras oferecem uma combina\u00e7\u00e3o perfeita de eleg\u00e2ncia e durabilidade. Com estrutura recoberta em ambas as faces com MDF, s\u00e3o revestidas com uma folha de madeira de faia na sua cor natural, sem verniz. Conhecida pela sua tonalidade clara e gr\u00e3o fino, a Faia destaca-se pela resist\u00eancia a deforma\u00e7\u00f5es, sendo ideal para projetos que exigem sofistica\u00e7\u00e3o e estabilidade.<\/p>\n<p>Na MC Madeiras, oferecemos Portas de Faia Branca de alta qualidade, adaptadas \u00e0s exig\u00eancias de cada projeto.<\/p>\n<p>Medidas:<br \/>\n2000x600x35<br \/>\n2000x650x35<br \/>\n2000x700x35<br \/>\n2000x750x35<br \/>\n2000x800x35<br \/>\n2000x850x35<br \/>\n2000x900x35<br \/>\n2000x1000x35<br \/>\n2000x1150x35<br \/>\n2000x1200x35<br \/>\n2000x1250x35<\/p>\n<p>Medidas n\u00e3o standard por encomenda.<\/p>","protected":false},"excerpt":{"rendered":"<p>Na MC Madeiras, oferecemos Portas de Faia Branca de alta qualidade, adaptadas \u00e0s exig\u00eancias de cada projeto.<\/p>","protected":false},"featured_media":1419,"comment_status":"open","ping_status":"closed","template":"","meta":{"_et_pb_use_builder":"","_et_pb_old_content":"","_et_gb_content_width":""},"product_brand":[],"product_cat":[28],"product_tag":[],"class_list":{"0":"post-317","1":"product","2":"type-product","3":"status-publish","4":"has-post-thumbnail","6":"product_cat-portas","7":"pa_madeira-carvalho-americano","8":"pa_madeira-castanho","9":"pa_madeira-faia-branca","10":"pa_madeira-faia-vaporizada","11":"pa_madeira-mdf","12":"pa_madeira-mogno","13":"pa_madeira-pinho-nacional","14":"pa_madeira-tola","16":"first","17":"instock","18":"shipping-taxable","19":"product-type-variable"},"jetpack_sharing_enabled":true,"_links":{"self":[{"href":"https:\/\/mcmadeiras.pt\/en\/wp-json\/wp\/v2\/product\/317","targetHints":{"allow":["GET"]}}],"collection":[{"href":"https:\/\/mcmadeiras.pt\/en\/wp-json\/wp\/v2\/product"}],"about":[{"href":"https:\/\/mcmadeiras.pt\/en\/wp-json\/wp\/v2\/types\/product"}],"replies":[{"embeddable":true,"href":"https:\/\/mcmadeiras.pt\/en\/wp-json\/wp\/v2\/comments?post=317"}],"wp:featuredmedia":[{"embeddable":true,"href":"https:\/\/mcmadeiras.pt\/en\/wp-json\/wp\/v2\/media\/1419"}],"wp:attachment":[{"href":"https:\/\/mcmadeiras.pt\/en\/wp-json\/wp\/v2\/media?parent=317"}],"wp:term":[{"taxonomy":"product_brand","embeddable":true,"href":"https:\/\/mcmadeiras.pt\/en\/wp-json\/wp\/v2\/product_brand?post=317"},{"taxonomy":"product_cat","embeddable":true,"href":"https:\/\/mcmadeiras.pt\/en\/wp-json\/wp\/v2\/product_cat?post=317"},{"taxonomy":"product_tag","embeddable":true,"href":"https:\/\/mcmadeiras.pt\/en\/wp-json\/wp\/v2\/product_tag?post=317"}],"curies":[{"name":"wp","href":"https:\/\/api.w.org\/{rel}","templated":true}]}}