{"id":306,"date":"2021-02-09T17:51:18","date_gmt":"2021-02-09T17:51:18","guid":{"rendered":"https:\/\/mcmadeiras.pt\/?post_type=product&#038;p=306"},"modified":"2024-12-20T15:40:28","modified_gmt":"2024-12-20T15:40:28","slug":"decks","status":"publish","type":"product","link":"https:\/\/mcmadeiras.pt\/en\/product\/decks\/","title":{"rendered":"Deck de Cumaru Amarelo"},"content":{"rendered":"<p><strong>Deck de Cumaru<\/strong><\/p>\n<p>O Deck de Cumaru, origin\u00e1rio da Am\u00e9rica do Sul, \u00e9 uma madeira tropical de tonalidade castanho-amarelada a castanho-escura, conhecida pela sua excelente resist\u00eancia, durabilidade e estabilidade. Ideal para \u00e1reas externas como jardins, terra\u00e7os e espa\u00e7os de lazer, o Cumaru \u00e9 resistente ao desgaste e \u00e0s intemp\u00e9ries, proporcionando um acabamento elegante e de longa durabilidade.<\/p>\n<p>Na MC Madeiras, oferecemos Deck de Cumaru de alta qualidade, perfeito para projetos exigentes.<\/p>\n<p><strong>Origem<\/strong>: Am\u00e9rica do Sul<\/p>\n<p>&nbsp;<\/p>\n<p>&nbsp;<\/p>\n<p>&nbsp;<\/p>\n<p>&nbsp;<\/p>\n<p>&nbsp;<\/p>\n<p>&nbsp;<\/p>","protected":false},"excerpt":{"rendered":"<p>Na MC Madeiras, oferecemos Deck de Cumaru Amarelo de alta qualidade, perfeito para projetos exigentes.<\/p>\n<p>&nbsp;<\/p>","protected":false},"featured_media":1409,"comment_status":"open","ping_status":"closed","template":"","meta":{"_et_pb_use_builder":"","_et_pb_old_content":"","_et_gb_content_width":""},"product_brand":[],"product_cat":[29],"product_tag":[],"class_list":{"0":"post-306","1":"product","2":"type-product","3":"status-publish","4":"has-post-thumbnail","6":"product_cat-decks","7":"pa_madeira-composito","8":"pa_madeira-cumaru-amarelo","9":"pa_madeira-cumaru-vermelho","10":"pa_madeira-ipe","11":"pa_madeira-kambala-amarela","12":"pa_madeira-pinho-nacional","14":"first","15":"instock","16":"shipping-taxable","17":"product-type-variable"},"jetpack_sharing_enabled":true,"_links":{"self":[{"href":"https:\/\/mcmadeiras.pt\/en\/wp-json\/wp\/v2\/product\/306","targetHints":{"allow":["GET"]}}],"collection":[{"href":"https:\/\/mcmadeiras.pt\/en\/wp-json\/wp\/v2\/product"}],"about":[{"href":"https:\/\/mcmadeiras.pt\/en\/wp-json\/wp\/v2\/types\/product"}],"replies":[{"embeddable":true,"href":"https:\/\/mcmadeiras.pt\/en\/wp-json\/wp\/v2\/comments?post=306"}],"wp:featuredmedia":[{"embeddable":true,"href":"https:\/\/mcmadeiras.pt\/en\/wp-json\/wp\/v2\/media\/1409"}],"wp:attachment":[{"href":"https:\/\/mcmadeiras.pt\/en\/wp-json\/wp\/v2\/media?parent=306"}],"wp:term":[{"taxonomy":"product_brand","embeddable":true,"href":"https:\/\/mcmadeiras.pt\/en\/wp-json\/wp\/v2\/product_brand?post=306"},{"taxonomy":"product_cat","embeddable":true,"href":"https:\/\/mcmadeiras.pt\/en\/wp-json\/wp\/v2\/product_cat?post=306"},{"taxonomy":"product_tag","embeddable":true,"href":"https:\/\/mcmadeiras.pt\/en\/wp-json\/wp\/v2\/product_tag?post=306"}],"curies":[{"name":"wp","href":"https:\/\/api.w.org\/{rel}","templated":true}]}}