{"id":1452,"date":"2024-12-20T16:01:00","date_gmt":"2024-12-20T16:01:00","guid":{"rendered":"https:\/\/mcmadeiras.pt\/?post_type=product&#038;p=1452"},"modified":"2024-12-20T16:09:23","modified_gmt":"2024-12-20T16:09:23","slug":"portas-de-castanho","status":"publish","type":"product","link":"https:\/\/mcmadeiras.pt\/en\/product\/portas-de-castanho\/","title":{"rendered":"Portas de Castanho"},"content":{"rendered":"<p><strong>Portas de Castanho<\/strong><\/p>\n<p>As Portas de Castanho da MC Madeiras oferecem uma combina\u00e7\u00e3o de eleg\u00e2ncia e resist\u00eancia. Com estrutura recoberta em ambas as faces com MDF, s\u00e3o revestidas com uma folha de madeira de castanho na sua cor natural, sem verniz. A tonalidade castanho-clara a dourada e os veios bem definidos conferem um acabamento sofisticado, ideal para ambientes internos que exigem um toque de classe e durabilidade.<\/p>\n<p>A madeira de Castanho \u00e9 conhecida pela sua resist\u00eancia ao desgaste e facilidade de manuten\u00e7\u00e3o, tornando-a perfeita para espa\u00e7os de destaque.<\/p>\n<p>Na MC Madeiras, oferecemos Portas de Castanho de alta qualidade, adaptadas \u00e0s exig\u00eancias de cada projeto.<\/p>\n<p>Medidas:<br \/>\n2000x600x35<br \/>\n2000x650x35<br \/>\n2000x700x35<br \/>\n2000x750x35<br \/>\n2000x800x35<br \/>\n2000x850x35<br \/>\n2000x900x35<br \/>\n2000x1000x35<br \/>\n2000x1150x35<br \/>\n2000x1200x35<br \/>\n2000x1250x35<\/p>\n<p>Medidas n\u00e3o standard por encomenda.<\/p>","protected":false},"excerpt":{"rendered":"<p>Na MC Madeiras, oferecemos Portas de Castanho de alta qualidade, adaptadas \u00e0s exig\u00eancias de cada projeto.<\/p>","protected":false},"featured_media":1375,"comment_status":"open","ping_status":"closed","template":"","meta":{"_et_pb_use_builder":"","_et_pb_old_content":"","_et_gb_content_width":""},"product_brand":[],"product_cat":[28],"product_tag":[],"class_list":{"0":"post-1452","1":"product","2":"type-product","3":"status-publish","4":"has-post-thumbnail","6":"product_cat-portas","7":"pa_madeira-carvalho-americano","8":"pa_madeira-castanho","9":"pa_madeira-faia-branca","10":"pa_madeira-faia-vaporizada","11":"pa_madeira-mdf","12":"pa_madeira-mogno","13":"pa_madeira-pinho-nacional","14":"pa_madeira-tola","16":"first","17":"instock","18":"shipping-taxable","19":"product-type-variable"},"jetpack_sharing_enabled":true,"_links":{"self":[{"href":"https:\/\/mcmadeiras.pt\/en\/wp-json\/wp\/v2\/product\/1452","targetHints":{"allow":["GET"]}}],"collection":[{"href":"https:\/\/mcmadeiras.pt\/en\/wp-json\/wp\/v2\/product"}],"about":[{"href":"https:\/\/mcmadeiras.pt\/en\/wp-json\/wp\/v2\/types\/product"}],"replies":[{"embeddable":true,"href":"https:\/\/mcmadeiras.pt\/en\/wp-json\/wp\/v2\/comments?post=1452"}],"wp:featuredmedia":[{"embeddable":true,"href":"https:\/\/mcmadeiras.pt\/en\/wp-json\/wp\/v2\/media\/1375"}],"wp:attachment":[{"href":"https:\/\/mcmadeiras.pt\/en\/wp-json\/wp\/v2\/media?parent=1452"}],"wp:term":[{"taxonomy":"product_brand","embeddable":true,"href":"https:\/\/mcmadeiras.pt\/en\/wp-json\/wp\/v2\/product_brand?post=1452"},{"taxonomy":"product_cat","embeddable":true,"href":"https:\/\/mcmadeiras.pt\/en\/wp-json\/wp\/v2\/product_cat?post=1452"},{"taxonomy":"product_tag","embeddable":true,"href":"https:\/\/mcmadeiras.pt\/en\/wp-json\/wp\/v2\/product_tag?post=1452"}],"curies":[{"name":"wp","href":"https:\/\/api.w.org\/{rel}","templated":true}]}}