{"id":1410,"date":"2024-12-20T11:21:06","date_gmt":"2024-12-20T11:21:06","guid":{"rendered":"https:\/\/mcmadeiras.pt\/?post_type=product&#038;p=1410"},"modified":"2024-12-20T11:21:08","modified_gmt":"2024-12-20T11:21:08","slug":"madeira-de-cumaru-vermelho","status":"publish","type":"product","link":"https:\/\/mcmadeiras.pt\/en\/product\/madeira-de-cumaru-vermelho\/","title":{"rendered":"Madeira de Cumaru Vermelho"},"content":{"rendered":"<p><strong>Cumaru Vermelho<\/strong><\/p>\n<p>O Cumaru Vermelho, origin\u00e1rio da Am\u00e9rica do Sul, \u00e9 uma madeira tropical de tonalidade vermelha intensa, com veios distintos e uma textura densa e uniforme. Reconhecida pela sua excepcional resist\u00eancia e durabilidade, o Cumaru Vermelho \u00e9 ideal para aplica\u00e7\u00f5es que exigem uma madeira robusta e de longa vida \u00fatil.<\/p>\n<p>\u00c9 amplamente utilizada em pavimentos, decks, m\u00f3veis de exterior, revestimentos e carpintaria de exterior, devido \u00e0 sua resist\u00eancia natural \u00e0s intemp\u00e9ries e ao desgaste, proporcionando um acabamento dur\u00e1vel e sofisticado.<\/p>\n<p>Na MC Madeiras, oferecemos madeira de Cumaru Vermelho em pranchas e r\u00e9guas, mediante consulta.<\/p>\n<p><strong>Origem<\/strong>: Am\u00e9rica do Sul<\/p>","protected":false},"excerpt":{"rendered":"<p>Na MC Madeiras, oferecemos madeira de Cumaru Vermelho em pranchas e r\u00e9guas, mediante consulta.<\/p>","protected":false},"featured_media":1412,"comment_status":"open","ping_status":"closed","template":"","meta":{"_et_pb_use_builder":"","_et_pb_old_content":"","_et_gb_content_width":""},"product_brand":[],"product_cat":[24,95],"product_tag":[],"class_list":{"0":"post-1410","1":"product","2":"type-product","3":"status-publish","4":"has-post-thumbnail","6":"product_cat-madeira","7":"product_cat-madeiras-continente-americano","9":"first","10":"instock","11":"shipping-taxable","12":"product-type-simple"},"jetpack_sharing_enabled":true,"_links":{"self":[{"href":"https:\/\/mcmadeiras.pt\/en\/wp-json\/wp\/v2\/product\/1410","targetHints":{"allow":["GET"]}}],"collection":[{"href":"https:\/\/mcmadeiras.pt\/en\/wp-json\/wp\/v2\/product"}],"about":[{"href":"https:\/\/mcmadeiras.pt\/en\/wp-json\/wp\/v2\/types\/product"}],"replies":[{"embeddable":true,"href":"https:\/\/mcmadeiras.pt\/en\/wp-json\/wp\/v2\/comments?post=1410"}],"wp:featuredmedia":[{"embeddable":true,"href":"https:\/\/mcmadeiras.pt\/en\/wp-json\/wp\/v2\/media\/1412"}],"wp:attachment":[{"href":"https:\/\/mcmadeiras.pt\/en\/wp-json\/wp\/v2\/media?parent=1410"}],"wp:term":[{"taxonomy":"product_brand","embeddable":true,"href":"https:\/\/mcmadeiras.pt\/en\/wp-json\/wp\/v2\/product_brand?post=1410"},{"taxonomy":"product_cat","embeddable":true,"href":"https:\/\/mcmadeiras.pt\/en\/wp-json\/wp\/v2\/product_cat?post=1410"},{"taxonomy":"product_tag","embeddable":true,"href":"https:\/\/mcmadeiras.pt\/en\/wp-json\/wp\/v2\/product_tag?post=1410"}],"curies":[{"name":"wp","href":"https:\/\/api.w.org\/{rel}","templated":true}]}}