{"id":1379,"date":"2024-12-19T18:23:26","date_gmt":"2024-12-19T18:23:26","guid":{"rendered":"https:\/\/mcmadeiras.pt\/?post_type=product&#038;p=1379"},"modified":"2024-12-20T10:57:57","modified_gmt":"2024-12-20T10:57:57","slug":"madeira-de-faia-branca","status":"publish","type":"product","link":"https:\/\/mcmadeiras.pt\/en\/product\/madeira-de-faia-branca\/","title":{"rendered":"Madeira de Faia Branca"},"content":{"rendered":"<div class=\"flex-1 overflow-hidden\">\n<div class=\"react-scroll-to-bottom--css-oodqu-79elbk h-full\">\n<div class=\"react-scroll-to-bottom--css-oodqu-1n7m0yu\">\n<div class=\"flex flex-col text-sm gizmo:pb-9 dark:bg-gray-800 gizmo:dark:bg-transparent\">\n<div class=\"group w-full text-token-text-primary border-b border-black\/10 gizmo:border-0 dark:border-gray-900\/50 gizmo:dark:border-0 bg-gray-50 gizmo:bg-transparent dark:bg-[#444654] gizmo:dark:bg-transparent\" data-testid=\"conversation-turn-138\">\n<div class=\"p-4 gizmo:py-2 justify-center text-base md:gap-6 md:py-6 m-auto\">\n<div class=\"flex flex-1 gap-4 text-base mx-auto md:gap-6 gizmo:gap-3 gizmo:md:px-5 gizmo:lg:px-1 gizmo:xl:px-5 md:max-w-2xl lg:max-w-[38rem] gizmo:md:max-w-3xl gizmo:lg:max-w-[40rem] gizmo:xl:max-w-[48rem] xl:max-w-3xl }\">\n<div class=\"relative flex w-[calc(100%-50px)] flex-col gizmo:w-full lg:w-[calc(100%-115px)] agent-turn\">\n<div class=\"flex-col gap-1 md:gap-3\">\n<div class=\"flex flex-grow flex-col gap-3 max-w-full\">\n<div class=\"min-h-[20px] flex flex-col items-start gap-3 whitespace-pre-wrap break-words overflow-x-auto\" data-message-author-role=\"assistant\" data-message-id=\"ead49523-d4cd-447d-a4d9-95271fb2560a\">\n<div class=\"markdown prose w-full break-words dark:prose-invert light\">\n<p><strong>Faia<\/strong><\/p>\n<p>A Faia, origin\u00e1ria da Europa, \u00e9 uma madeira de tonalidade clara, que varia entre o branco e o rosado, com um gr\u00e3o fino e uniforme. Reconhecida pela sua elevada resist\u00eancia e facilidade de trabalhabilidade, a Faia \u00e9 uma escolha popular para diversos usos.<\/p>\n<p>\u00c9 amplamente utilizada em carpintaria interior, m\u00f3veis, pavimentos, escadas e revestimentos, gra\u00e7as \u00e0 sua estabilidade e durabilidade, al\u00e9m de ser ideal para pe\u00e7as que exigem precis\u00e3o no acabamento.<\/p>\n<p>Na MC Madeiras, oferecemos madeira de Faia em pranchas e r\u00e9guas, mediante consulta.<\/p>\n<p><strong>Origem<\/strong>: Europa<\/p>\n<\/div>\n<\/div>\n<\/div>\n<\/div>\n<\/div>\n<\/div>\n<\/div>\n<\/div>\n<div class=\"h-36 md:h-48 flex-shrink-0\"><\/div>\n<p>&nbsp;<\/p>\n<\/div>\n<\/div>\n<\/div>\n<\/div>\n<div class=\"w-full pt-2 md:pt-0 border-t md:border-t-0 dark:border-white\/20 md:border-transparent md:dark:border-transparent md:pl-2 gizmo:pl-0 gizmo:md:pl-0 md:w-[calc(100%-.5rem)] absolute bottom-0 left-0 md:bg-vert-light-gradient bg-white dark:bg-gray-800 md:!bg-transparent dark:md:bg-vert-dark-gradient\">\n<div class=\"relative flex h-full flex-1 items-stretch md:flex-col\">\n<div>\n<div class=\"h-full flex ml-1 md:w-full md:m-auto md:mb-4 gap-0 md:gap-2 justify-center\"><\/div>\n<\/div>\n<\/div>\n<\/div>\n","protected":false},"excerpt":{"rendered":"<div class=\"flex flex-grow flex-col gap-3 max-w-full\">\n<div class=\"min-h-[20px] flex flex-col items-start gap-3 whitespace-pre-wrap break-words overflow-x-auto\" data-message-author-role=\"assistant\" data-message-id=\"ead49523-d4cd-447d-a4d9-95271fb2560a\">\n<div class=\"markdown prose w-full break-words dark:prose-invert light\">\n<p>Na MC Madeiras, oferecemos madeira de Faia em pranchas e r\u00e9guas, mediante consulta.<\/p>\n<\/div>\n<\/div>\n<\/div>\n<div class=\"flex justify-between empty:hidden gizmo:justify-start gizmo:gap-3 lg:block gizmo:lg:flex\">\n<div class=\"text-gray-400 flex self-end lg:self-center justify-center gizmo:lg:justify-start mt-2 gizmo:mt-0 visible lg:gap-1 lg:absolute lg:top-0 lg:translate-x-full lg:right-0 lg:mt-0 lg:pl-2 gap-2 md:gap-3\">\n<p>&nbsp;<\/p>\n<\/div>\n<\/div>\n<div id=\"gtx-trans\">\n<div class=\"gtx-trans-icon\"><\/div>\n<\/div>\n","protected":false},"featured_media":1385,"comment_status":"open","ping_status":"closed","template":"","meta":{"_et_pb_use_builder":"","_et_pb_old_content":"","_et_gb_content_width":""},"product_brand":[],"product_cat":[24,94],"product_tag":[],"class_list":{"0":"post-1379","1":"product","2":"type-product","3":"status-publish","4":"has-post-thumbnail","6":"product_cat-madeira","7":"product_cat-madeiras-continente-europeu","9":"first","10":"instock","11":"shipping-taxable","12":"product-type-simple"},"jetpack_sharing_enabled":true,"_links":{"self":[{"href":"https:\/\/mcmadeiras.pt\/en\/wp-json\/wp\/v2\/product\/1379","targetHints":{"allow":["GET"]}}],"collection":[{"href":"https:\/\/mcmadeiras.pt\/en\/wp-json\/wp\/v2\/product"}],"about":[{"href":"https:\/\/mcmadeiras.pt\/en\/wp-json\/wp\/v2\/types\/product"}],"replies":[{"embeddable":true,"href":"https:\/\/mcmadeiras.pt\/en\/wp-json\/wp\/v2\/comments?post=1379"}],"wp:featuredmedia":[{"embeddable":true,"href":"https:\/\/mcmadeiras.pt\/en\/wp-json\/wp\/v2\/media\/1385"}],"wp:attachment":[{"href":"https:\/\/mcmadeiras.pt\/en\/wp-json\/wp\/v2\/media?parent=1379"}],"wp:term":[{"taxonomy":"product_brand","embeddable":true,"href":"https:\/\/mcmadeiras.pt\/en\/wp-json\/wp\/v2\/product_brand?post=1379"},{"taxonomy":"product_cat","embeddable":true,"href":"https:\/\/mcmadeiras.pt\/en\/wp-json\/wp\/v2\/product_cat?post=1379"},{"taxonomy":"product_tag","embeddable":true,"href":"https:\/\/mcmadeiras.pt\/en\/wp-json\/wp\/v2\/product_tag?post=1379"}],"curies":[{"name":"wp","href":"https:\/\/api.w.org\/{rel}","templated":true}]}}