{"id":1370,"date":"2024-12-19T18:13:41","date_gmt":"2024-12-19T18:13:41","guid":{"rendered":"https:\/\/mcmadeiras.pt\/?post_type=product&#038;p=1370"},"modified":"2024-12-20T10:58:37","modified_gmt":"2024-12-20T10:58:37","slug":"madeira-de-afrormosia","status":"publish","type":"product","link":"https:\/\/mcmadeiras.pt\/en\/product\/madeira-de-afrormosia\/","title":{"rendered":"Madeira de Afrormosia"},"content":{"rendered":"<p><strong>Afrom\u00f3sia<\/strong><\/p>\n<p>A Afrorm\u00f3sia, origin\u00e1ria de \u00c1frica, \u00e9 uma madeira tropical amplamente apreciada pela sua resist\u00eancia e durabilidade. Com uma cor que varia entre o dourado e o castanho-claro, esta madeira \u00e9 caracterizada por uma textura uniforme e uma apar\u00eancia atraente, ideal para diversas aplica\u00e7\u00f5es.<\/p>\n<p>\u00c9 frequentemente utilizada em mobili\u00e1rio de alto padr\u00e3o, carpintaria de interiores e exteriores, pavimenta\u00e7\u00e3o e revestimentos devido \u00e0 sua estabilidade e beleza.<\/p>\n<p>Na MC Madeiras, oferecemos madeira de Afrom\u00f3sia em pranchas e r\u00e9guas, mediante consulta.<\/p>\n<p><strong>Origem<\/strong>: \u00c1frica<\/p>","protected":false},"excerpt":{"rendered":"<p>Na MC Madeiras, oferecemos madeira de Afrorm\u00f3sia em pranchas e r\u00e9guas, mediante consulta.<\/p>","protected":false},"featured_media":1373,"comment_status":"open","ping_status":"closed","template":"","meta":{"_et_pb_use_builder":"","_et_pb_old_content":"","_et_gb_content_width":""},"product_brand":[],"product_cat":[24,93],"product_tag":[],"class_list":{"0":"post-1370","1":"product","2":"type-product","3":"status-publish","4":"has-post-thumbnail","6":"product_cat-madeira","7":"product_cat-madeiras-continente-africano","9":"first","10":"instock","11":"shipping-taxable","12":"product-type-simple"},"jetpack_sharing_enabled":true,"_links":{"self":[{"href":"https:\/\/mcmadeiras.pt\/en\/wp-json\/wp\/v2\/product\/1370","targetHints":{"allow":["GET"]}}],"collection":[{"href":"https:\/\/mcmadeiras.pt\/en\/wp-json\/wp\/v2\/product"}],"about":[{"href":"https:\/\/mcmadeiras.pt\/en\/wp-json\/wp\/v2\/types\/product"}],"replies":[{"embeddable":true,"href":"https:\/\/mcmadeiras.pt\/en\/wp-json\/wp\/v2\/comments?post=1370"}],"wp:featuredmedia":[{"embeddable":true,"href":"https:\/\/mcmadeiras.pt\/en\/wp-json\/wp\/v2\/media\/1373"}],"wp:attachment":[{"href":"https:\/\/mcmadeiras.pt\/en\/wp-json\/wp\/v2\/media?parent=1370"}],"wp:term":[{"taxonomy":"product_brand","embeddable":true,"href":"https:\/\/mcmadeiras.pt\/en\/wp-json\/wp\/v2\/product_brand?post=1370"},{"taxonomy":"product_cat","embeddable":true,"href":"https:\/\/mcmadeiras.pt\/en\/wp-json\/wp\/v2\/product_cat?post=1370"},{"taxonomy":"product_tag","embeddable":true,"href":"https:\/\/mcmadeiras.pt\/en\/wp-json\/wp\/v2\/product_tag?post=1370"}],"curies":[{"name":"wp","href":"https:\/\/api.w.org\/{rel}","templated":true}]}}