{"id":1367,"date":"2024-12-19T18:05:06","date_gmt":"2024-12-19T18:05:06","guid":{"rendered":"https:\/\/mcmadeiras.pt\/?post_type=product&#038;p=1367"},"modified":"2024-12-20T11:04:58","modified_gmt":"2024-12-20T11:04:58","slug":"madeira-de-afizelia","status":"publish","type":"product","link":"https:\/\/mcmadeiras.pt\/en\/product\/madeira-de-afizelia\/","title":{"rendered":"Madeira de Afiz\u00e9lia Doussi\u00e9"},"content":{"rendered":"<p><strong>Doussi\u00e9<br \/>\n<\/strong><br \/>\nA Afiz\u00e9lia, pertencente \u00e0 fam\u00edlia das Leguminosae e nativa de \u00c1frica, \u00e9 amplamente reconhecida no mercado como &#8220;Doussi\u00e9&#8221;, devido \u00e0 sua casca de tonalidade avermelhada. Esta madeira destaca-se pela sua resist\u00eancia, durabilidade e dureza m\u00e9dia a alta, tornando-a ideal para aplica\u00e7\u00f5es exigentes.<\/p>\n<p>\u00c9 amplamente utilizada em setores como mobili\u00e1rio, carpintaria interior e exterior, pavimenta\u00e7\u00e3o, portas e escadas, gra\u00e7as \u00e0 sua estabilidade e est\u00e9tica elegante.<\/p>\n<p>Na MC Madeiras, oferecemos madeira de Afiz\u00e9lia Doussi\u00e9 em pranchas e r\u00e9guas, mediante consulta.<\/p>\n<p><strong>Origem<\/strong>: \u00c1frica<\/p>","protected":false},"excerpt":{"rendered":"<p>Na MC Madeiras, oferecemos madeira de Afiz\u00e9lia Doussi\u00e9 em pranchas e r\u00e9guas, mediante consulta.<\/p>\n<div id=\"gtx-trans\">\n<div class=\"gtx-trans-icon\"><\/div>\n<\/div>","protected":false},"featured_media":1368,"comment_status":"open","ping_status":"closed","template":"","meta":{"_et_pb_use_builder":"","_et_pb_old_content":"","_et_gb_content_width":""},"product_brand":[],"product_cat":[24,93],"product_tag":[92],"class_list":{"0":"post-1367","1":"product","2":"type-product","3":"status-publish","4":"has-post-thumbnail","6":"product_cat-madeira","7":"product_cat-madeiras-continente-africano","8":"product_tag-madeiras","10":"first","11":"instock","12":"shipping-taxable","13":"product-type-simple"},"jetpack_sharing_enabled":true,"_links":{"self":[{"href":"https:\/\/mcmadeiras.pt\/en\/wp-json\/wp\/v2\/product\/1367","targetHints":{"allow":["GET"]}}],"collection":[{"href":"https:\/\/mcmadeiras.pt\/en\/wp-json\/wp\/v2\/product"}],"about":[{"href":"https:\/\/mcmadeiras.pt\/en\/wp-json\/wp\/v2\/types\/product"}],"replies":[{"embeddable":true,"href":"https:\/\/mcmadeiras.pt\/en\/wp-json\/wp\/v2\/comments?post=1367"}],"wp:featuredmedia":[{"embeddable":true,"href":"https:\/\/mcmadeiras.pt\/en\/wp-json\/wp\/v2\/media\/1368"}],"wp:attachment":[{"href":"https:\/\/mcmadeiras.pt\/en\/wp-json\/wp\/v2\/media?parent=1367"}],"wp:term":[{"taxonomy":"product_brand","embeddable":true,"href":"https:\/\/mcmadeiras.pt\/en\/wp-json\/wp\/v2\/product_brand?post=1367"},{"taxonomy":"product_cat","embeddable":true,"href":"https:\/\/mcmadeiras.pt\/en\/wp-json\/wp\/v2\/product_cat?post=1367"},{"taxonomy":"product_tag","embeddable":true,"href":"https:\/\/mcmadeiras.pt\/en\/wp-json\/wp\/v2\/product_tag?post=1367"}],"curies":[{"name":"wp","href":"https:\/\/api.w.org\/{rel}","templated":true}]}}